{"id":105,"date":"2023-07-16T18:53:50","date_gmt":"2023-07-16T18:53:50","guid":{"rendered":"https:\/\/citricospro.com.mx\/?page_id=105"},"modified":"2023-10-28T17:43:39","modified_gmt":"2023-10-28T17:43:39","slug":"nosotros","status":"publish","type":"page","link":"https:\/\/citricospro.com.mx\/index.php\/nosotros\/","title":{"rendered":"Nosotros"},"content":{"rendered":"\n<p>Nuestra empresa se enorgullece de ser parte de la red del cat\u00e1logo de proveedores de confianza da la industria restaurantera y comercial especifica en M\u00e9xico. Nuestra misi\u00f3n es ser el proveedor de c\u00edtricos de la m\u00e1s alta calidad para el sector restaurantero y comercial cumpliendo rigurosamente con las normativas mexicanas. Nuestra pol\u00edtica de calidad se centra en brindar una atenci\u00f3n excepcional y ofrecen c\u00edtricos y frutas naturales de primera calidad a los principales restaurantes exclusivos en la Ciudad de M\u00e9xico y Puebla. Nos comprometemos a ser un proveedor confiable que cumple con los m\u00e1s altos est\u00e1ndares de calidad y todas las exigencias gubernamentales. Somos una empresa arraigada en Puebla, donde nuestros hermosos \u00e1rboles de limones crecen y prosperan, y desde all\u00ed, servimos a nuestros clientes con pasi\u00f3n&nbsp;y&nbsp;dedicaci\u00f3n.<\/p>\n\n\n\n<p><\/p>\n\n\n\n<p><\/p>\n\n\n\n<div class=\"wp-block-advgb-container advgb-blocks-container\">\n<div class=\"wp-block-media-text is-stacked-on-mobile\" style=\"grid-template-columns:22% auto\"><figure class=\"wp-block-media-text__media\"><img decoding=\"async\" loading=\"lazy\" width=\"1024\" height=\"1024\" src=\"https:\/\/citricospro.com.mx\/wp-content\/uploads\/2023\/10\/manos-humanas-a-1.png\" alt=\"\" class=\"wp-image-333 size-full\" srcset=\"https:\/\/citricospro.com.mx\/wp-content\/uploads\/2023\/10\/manos-humanas-a-1.png 1024w, https:\/\/citricospro.com.mx\/wp-content\/uploads\/2023\/10\/manos-humanas-a-1-300x300.png 300w, https:\/\/citricospro.com.mx\/wp-content\/uploads\/2023\/10\/manos-humanas-a-1-150x150.png 150w, https:\/\/citricospro.com.mx\/wp-content\/uploads\/2023\/10\/manos-humanas-a-1-768x768.png 768w, https:\/\/citricospro.com.mx\/wp-content\/uploads\/2023\/10\/manos-humanas-a-1-100x100.png 100w, https:\/\/citricospro.com.mx\/wp-content\/uploads\/2023\/10\/manos-humanas-a-1-600x600.png 600w\" sizes=\"(max-width: 1024px) 100vw, 1024px\" \/><\/figure><div class=\"wp-block-media-text__content\">\n<h2 class=\"wp-block-heading has-vivid-green-cyan-color has-text-color\">Pol\u00edtica de Calidad<\/h2>\n\n\n\n<p>El principal objetivo es brindar atenci\u00f3n y venta de c\u00edtricos y frutas naturales; mediante la comercializaci\u00f3n y distribuci\u00f3n a los principales restaurantes exclusivos en la cdmx ciudad de puebla, con el compromiso de ser un proveedor confiable, con altos est\u00e1ndares de calidad, cumpliendo con la normatividad mexicana y las exigencias gubernamentales.<\/p>\n<\/div><\/div>\n<\/div>\n\n\n<div class=\"wp-block-image\">\n<figure class=\"aligncenter size-full is-resized\"><img decoding=\"async\" loading=\"lazy\" width=\"406\" height=\"368\" src=\"https:\/\/citricospro.com.mx\/wp-content\/uploads\/2023\/10\/Royal-Purple-Edgy-Dreamy-Project-Presentation-1-1.gif\" alt=\"\" class=\"wp-image-348\" style=\"aspect-ratio:1.1032608695652173;width:322px;height:auto\"\/><\/figure><\/div>","protected":false},"excerpt":{"rendered":"<p>Nuestra empresa se enorgullece de ser parte de la red del cat\u00e1logo de proveedores de confianza da la industria restaurantera y comercial especifica en M\u00e9xico. Nuestra misi\u00f3n es ser el proveedor de c\u00edtricos de la m\u00e1s alta calidad para el sector restaurantero y comercial cumpliendo rigurosamente con las normativas mexicanas. Nuestra pol\u00edtica de calidad se &hellip; <\/p>\n<div class=\"link-more text-center\"><a href=\"https:\/\/citricospro.com.mx\/index.php\/nosotros\/\" class=\"more-link py-2 px-4\">Read More<span class=\"screen-reader-text\"> &#8220;Nosotros&#8221;<\/span><\/a><\/div>\n","protected":false},"author":1,"featured_media":0,"parent":0,"menu_order":0,"comment_status":"closed","ping_status":"closed","template":"","meta":{"advgb_blocks_editor_width":"","advgb_blocks_columns_visual_guide":"","footnotes":""},"coauthors":[],"author_meta":{"author_link":"https:\/\/citricospro.com.mx\/index.php\/author\/citricospro-com-mx\/","display_name":"citricospro.com.mx"},"relative_dates":{"created":"Posted 3 years ago","modified":"Updated 2 years ago"},"absolute_dates":{"created":"Posted on 16 July, 2023","modified":"Updated on 28 October, 2023"},"absolute_dates_time":{"created":"Posted on 16 July, 2023 6:53 pm","modified":"Updated on 28 October, 2023 5:43 pm"},"featured_img_caption":"","featured_img":false,"series_order":"","_links":{"self":[{"href":"https:\/\/citricospro.com.mx\/index.php\/wp-json\/wp\/v2\/pages\/105"}],"collection":[{"href":"https:\/\/citricospro.com.mx\/index.php\/wp-json\/wp\/v2\/pages"}],"about":[{"href":"https:\/\/citricospro.com.mx\/index.php\/wp-json\/wp\/v2\/types\/page"}],"author":[{"embeddable":true,"href":"https:\/\/citricospro.com.mx\/index.php\/wp-json\/wp\/v2\/users\/1"}],"replies":[{"embeddable":true,"href":"https:\/\/citricospro.com.mx\/index.php\/wp-json\/wp\/v2\/comments?post=105"}],"version-history":[{"count":17,"href":"https:\/\/citricospro.com.mx\/index.php\/wp-json\/wp\/v2\/pages\/105\/revisions"}],"predecessor-version":[{"id":350,"href":"https:\/\/citricospro.com.mx\/index.php\/wp-json\/wp\/v2\/pages\/105\/revisions\/350"}],"wp:attachment":[{"href":"https:\/\/citricospro.com.mx\/index.php\/wp-json\/wp\/v2\/media?parent=105"}],"curies":[{"name":"wp","href":"https:\/\/api.w.org\/{rel}","templated":true}]}}