{"id":93,"date":"2023-07-08T14:02:20","date_gmt":"2023-07-08T14:02:20","guid":{"rendered":"https:\/\/citricospro.com.mx\/index.php\/pagina-de-inicio\/"},"modified":"2024-07-13T15:21:35","modified_gmt":"2024-07-13T15:21:35","slug":"pagina-de-inicio","status":"publish","type":"page","link":"https:\/\/citricospro.com.mx\/","title":{"rendered":""},"content":{"rendered":"\n<div class=\"wp-block-cover aligncenter is-light wp-duotone-unset-2\"><span aria-hidden=\"true\" class=\"wp-block-cover__background has-background-dim-0 has-background-dim\"><\/span><img decoding=\"async\" loading=\"lazy\" width=\"1563\" height=\"1563\" class=\"wp-block-cover__image-background wp-image-289\" alt=\"\" src=\"https:\/\/citricospro.com.mx\/wp-content\/uploads\/2023\/09\/Colorful-Shuttlecock-Image-Badminton-Club-Logo-3.jpg\" style=\"object-position:51% 66%\" data-object-fit=\"cover\" data-object-position=\"51% 66%\" srcset=\"https:\/\/citricospro.com.mx\/wp-content\/uploads\/2023\/09\/Colorful-Shuttlecock-Image-Badminton-Club-Logo-3.jpg 1563w, https:\/\/citricospro.com.mx\/wp-content\/uploads\/2023\/09\/Colorful-Shuttlecock-Image-Badminton-Club-Logo-3-300x300.jpg 300w, https:\/\/citricospro.com.mx\/wp-content\/uploads\/2023\/09\/Colorful-Shuttlecock-Image-Badminton-Club-Logo-3-1024x1024.jpg 1024w, https:\/\/citricospro.com.mx\/wp-content\/uploads\/2023\/09\/Colorful-Shuttlecock-Image-Badminton-Club-Logo-3-150x150.jpg 150w, https:\/\/citricospro.com.mx\/wp-content\/uploads\/2023\/09\/Colorful-Shuttlecock-Image-Badminton-Club-Logo-3-768x768.jpg 768w, https:\/\/citricospro.com.mx\/wp-content\/uploads\/2023\/09\/Colorful-Shuttlecock-Image-Badminton-Club-Logo-3-1536x1536.jpg 1536w, https:\/\/citricospro.com.mx\/wp-content\/uploads\/2023\/09\/Colorful-Shuttlecock-Image-Badminton-Club-Logo-3-100x100.jpg 100w, https:\/\/citricospro.com.mx\/wp-content\/uploads\/2023\/09\/Colorful-Shuttlecock-Image-Badminton-Club-Logo-3-1320x1320.jpg 1320w, https:\/\/citricospro.com.mx\/wp-content\/uploads\/2023\/09\/Colorful-Shuttlecock-Image-Badminton-Club-Logo-3-600x600.jpg 600w\" sizes=\"(max-width: 1563px) 100vw, 1563px\" \/><div class=\"wp-block-cover__inner-container is-layout-flow wp-block-cover-is-layout-flow\">\n<p class=\"has-text-align-center has-large-font-size\"><\/p>\n<\/div><\/div>\n\n\n\n<h2 class=\"wp-block-heading has-text-align-center\" id=\"nuestra-empresa-0663c3b9-2fdf-4e20-877f-bd64a9da71a2\">Nuestra Empresa<\/h2>\n\n\n\n<div class=\"wp-block-advgb-columns advgb-columns-wrapper\" id=\"advgb-cols-19c0fa83-8aa8-45c1-aeb1-f33e972e8e2f\"><div class=\"advgb-columns-container\"><div class=\"advgb-columns advgb-columns-row advgb-is-mobile advgb-columns-3 layout-13-13-13 mbl-layout-stacked vgutter-10\">\n<div class=\"wp-block-advgb-column advgb-column\" id=\"advgb-col-93d0d7a0-7fc2-417e-b362-65247623361c\"><div class=\"advgb-column-inner\" style=\"border-style:none;border-width:1px\">\n<div class=\"wp-block-advgb-infobox advgb-infobox-wrapper has-text-align-center advgb-infobox-3008e86f-53aa-4fdb-ad12-4c1207cc30e0\"><div class=\"advgb-infobox-wrap\"><div class=\"advgb-infobox-icon-container\"><div class=\"advgb-infobox-icon-inner-container\"><i class=\"material-icons-outlined\">sentiment_satisfied<\/i><\/div><\/div><div class=\"advgb-infobox-textcontent\"><h3 class=\"advgb-infobox-title\"><strong>MISI\u00d3N<\/strong><\/h3><p class=\"advgb-infobox-text\">Ser proveedor de c\u00edtricos de la m\u00e1s alta calidad al sector restaurantero y comercial, conforme lo establece la normatividad mexicana.<\/p><\/div><\/div><\/div>\n<\/div><\/div>\n\n\n\n<div class=\"wp-block-advgb-column advgb-column\" id=\"advgb-col-e9e448c4-aee5-4c9c-830c-06487edef1b3\"><div class=\"advgb-column-inner\" style=\"border-style:none;border-width:1px\">\n<div class=\"wp-block-advgb-infobox advgb-infobox-wrapper has-text-align-center advgb-infobox-fd13f29c-4b10-426e-b6c7-8b1286e191bd\"><div class=\"advgb-infobox-wrap\"><div class=\"advgb-infobox-icon-container\"><div class=\"advgb-infobox-icon-inner-container\"><i class=\"material-icons-outlined\">visibility<\/i><\/div><\/div><div class=\"advgb-infobox-textcontent\"><h3 class=\"advgb-infobox-title\"><strong>VISI\u00d3N<\/strong><\/h3><p class=\"advgb-infobox-text\">Formar parte de la red del cat\u00e1logo de proveedores de confianza de la industria restaurantera y comercial espec\u00edfica en M\u00e9xico.<\/p><\/div><\/div><\/div>\n<\/div><\/div>\n\n\n\n<div class=\"wp-block-advgb-column advgb-column\" id=\"advgb-col-e1083c53-79d9-4f4d-ace3-e4956b5050fc\"><div class=\"advgb-column-inner\" style=\"border-style:none;border-width:1px\">\n<div class=\"wp-block-advgb-infobox advgb-infobox-wrapper has-text-align-center advgb-infobox-1479eca0-ad37-4d60-a278-715b2e61eefe\"><div class=\"advgb-infobox-wrap\"><div class=\"advgb-infobox-icon-container\"><div class=\"advgb-infobox-icon-inner-container\"><i class=\"material-icons-outlined\">beenhere<\/i><\/div><\/div><div class=\"advgb-infobox-textcontent\"><h1 class=\"advgb-infobox-title\"><strong>Nuestros Valores<\/strong> <\/h1><p class=\"advgb-infobox-text\"><\/p><\/div><\/div><\/div>\n<\/div><\/div>\n<\/div><\/div><\/div>\n\n\n\n<p class=\"has-black-color has-text-color has-medium-font-size\"><\/p>\n\n\n\n<div class=\"wp-block-advgb-images-slider advgb-images-slider-block advgb-images-slider-lightbox advg-images-slider-fb466b95-559d-4020-b0fa-c6509eff6a23\"><div class=\"advgb-images-slider\" dir=\"ltr\"><div class=\"advgb-image-slider-item\"><img decoding=\"async\" src=\"http:\/\/citricospro.com.mx\/wp-content\/uploads\/2023\/11\/Mapa-Cobertura-CitricosPro-6-1.png\" class=\"advgb-image-slider-img\" alt=\"Mapa-Cobertura-CitricosPro-6-1\" style=\"width:100%;height:auto\"\/><div class=\"advgb-image-slider-item-info\" style=\"justify-content:flex-start;align-items:center\"><a class=\"advgb-image-slider-overlay\" target=\"_blank\" rel=\"noopener noreferrer\" href=\"#\"><\/a><h4 class=\"advgb-image-slider-title\">Mapa-Cobertura-CitricosPro-6-1<\/h4><\/div><\/div><div class=\"advgb-image-slider-item\"><img decoding=\"async\" src=\"http:\/\/citricospro.com.mx\/wp-content\/uploads\/2023\/11\/Mapa-Cobertura-CitricosPro-8.png\" class=\"advgb-image-slider-img\" alt=\"Mapa-Cobertura-CitricosPro-8\" style=\"width:100%;height:auto\"\/><div class=\"advgb-image-slider-item-info\" style=\"justify-content:flex-start;align-items:center\"><a class=\"advgb-image-slider-overlay\" target=\"_blank\" rel=\"noopener noreferrer\" href=\"#\"><\/a><h4 class=\"advgb-image-slider-title\">Mapa-Cobertura-CitricosPro-8<\/h4><\/div><\/div><div class=\"advgb-image-slider-item\"><img decoding=\"async\" src=\"http:\/\/citricospro.com.mx\/wp-content\/uploads\/2023\/11\/Mapa-Cobertura-CitricosPro-9-1.png\" class=\"advgb-image-slider-img\" alt=\"Mapa-Cobertura-CitricosPro-9-1\" style=\"width:100%;height:auto\"\/><div class=\"advgb-image-slider-item-info\" style=\"justify-content:flex-start;align-items:center\"><a class=\"advgb-image-slider-overlay\" target=\"_blank\" rel=\"noopener noreferrer\" href=\"#\"><\/a><h4 class=\"advgb-image-slider-title\">Mapa-Cobertura-CitricosPro-9-1<\/h4><\/div><\/div><div class=\"advgb-image-slider-item\"><img decoding=\"async\" src=\"http:\/\/citricospro.com.mx\/wp-content\/uploads\/2023\/11\/Mapa-Cobertura-CitricosPro-10-1.png\" class=\"advgb-image-slider-img\" alt=\"Mapa-Cobertura-CitricosPro-10-1\" style=\"width:100%;height:auto\"\/><div class=\"advgb-image-slider-item-info\" style=\"justify-content:flex-start;align-items:center\"><a class=\"advgb-image-slider-overlay\" target=\"_blank\" rel=\"noopener noreferrer\" href=\"#\"><\/a><h4 class=\"advgb-image-slider-title\">Mapa-Cobertura-CitricosPro-10-1<\/h4><\/div><\/div><\/div><\/div>\n\n\n\n<script>\n  (function (w, d, s, o, f, js, fjs) {\n    w[\"botsonic_widget\"] = o;\n    w[o] =\n      w[o] ||\n      function () {\n        (w[o].q = w[o].q || []).push(arguments);\n      };\n    (js = d.createElement(s)), (fjs = d.getElementsByTagName(s)[0]);\n    js.id = o;\n    js.src = f;\n    js.async = 1;\n    fjs.parentNode.insertBefore(js, fjs);\n  })(window, document, \"script\", \"Botsonic\", \"https:\/\/widget.writesonic.com\/CDN\/botsonic.min.js\");\n  Botsonic(\"init\", {\n    serviceBaseUrl: \"https:\/\/api-azure.botsonic.ai\",\n    token: \"7640b0c2-7f9b-44c3-9b5c-5e5680e9fa56\",\n  });\n<\/script>\n<style class=\"advgb-styles-renderer\">#advgb-cols-19c0fa83-8aa8-45c1-aeb1-f33e972e8e2f{margin-right:11px;margin-left:11px;padding-top:2px;padding-right:11px;padding-left:11px;}@media screen and (max-width: 1023px) {#advgb-cols-19c0fa83-8aa8-45c1-aeb1-f33e972e8e2f{}}@media screen and (max-width: 767px) {#advgb-cols-19c0fa83-8aa8-45c1-aeb1-f33e972e8e2f{}}#advgb-col-93d0d7a0-7fc2-417e-b362-65247623361c>.advgb-column-inner{}@media screen and (max-width: 1023px) {#advgb-col-93d0d7a0-7fc2-417e-b362-65247623361c>.advgb-column-inner{}}@media screen and (max-width: 767px) {#advgb-col-93d0d7a0-7fc2-417e-b362-65247623361c>.advgb-column-inner{}}#advgb-infobox-3008e86f-53aa-4fdb-ad12-4c1207cc30e0, .advgb-infobox-3008e86f-53aa-4fdb-ad12-4c1207cc30e0 {background-color: #f5f5f5;padding: 20px 20px 20px 20px;border: 0px solid #7bdcb5;border-radius: 0px;}#advgb-infobox-3008e86f-53aa-4fdb-ad12-4c1207cc30e0 .advgb-infobox-icon-container, .advgb-infobox-3008e86f-53aa-4fdb-ad12-4c1207cc30e0 .advgb-infobox-icon-container {background-color: #f5f5f5;padding: 0;margin: 0;border: 0px solid #e8e8e8 ;border-radius: 0px;}#advgb-infobox-3008e86f-53aa-4fdb-ad12-4c1207cc30e0 .advgb-infobox-icon-container i, .advgb-infobox-3008e86f-53aa-4fdb-ad12-4c1207cc30e0 .advgb-infobox-icon-container i {color: #fcb900;font-size: 46px;display: block;}#advgb-infobox-3008e86f-53aa-4fdb-ad12-4c1207cc30e0 .advgb-infobox-textcontent .advgb-infobox-title, .advgb-infobox-3008e86f-53aa-4fdb-ad12-4c1207cc30e0 .advgb-infobox-textcontent .advgb-infobox-title {color: #00d084;padding: 0;margin: 5px 0 10px 0;font-size: 37px;line-height: 50px;white-space: pre-wrap;}#advgb-infobox-3008e86f-53aa-4fdb-ad12-4c1207cc30e0 .advgb-infobox-textcontent .advgb-infobox-text, .advgb-infobox-3008e86f-53aa-4fdb-ad12-4c1207cc30e0 .advgb-infobox-textcontent .advgb-infobox-text {color: #333;padding: 0;margin: 0;font-size: 18px;white-space: pre-wrap;}#advgb-col-e9e448c4-aee5-4c9c-830c-06487edef1b3>.advgb-column-inner{}@media screen and (max-width: 1023px) {#advgb-col-e9e448c4-aee5-4c9c-830c-06487edef1b3>.advgb-column-inner{}}@media screen and (max-width: 767px) {#advgb-col-e9e448c4-aee5-4c9c-830c-06487edef1b3>.advgb-column-inner{}}#advgb-infobox-fd13f29c-4b10-426e-b6c7-8b1286e191bd, .advgb-infobox-fd13f29c-4b10-426e-b6c7-8b1286e191bd {background-color: #f5f5f5;padding: 20px 20px 20px 20px;border: 0px solid #e8e8e8 ;border-radius: 0px;}#advgb-infobox-fd13f29c-4b10-426e-b6c7-8b1286e191bd .advgb-infobox-icon-container, .advgb-infobox-fd13f29c-4b10-426e-b6c7-8b1286e191bd .advgb-infobox-icon-container {background-color: #f5f5f5;padding: 0;margin: 0;border: 0px solid #e8e8e8 ;border-radius: 0px;}#advgb-infobox-fd13f29c-4b10-426e-b6c7-8b1286e191bd .advgb-infobox-icon-container i, .advgb-infobox-fd13f29c-4b10-426e-b6c7-8b1286e191bd .advgb-infobox-icon-container i {color: #fcb900;font-size: 50px;display: block;}#advgb-infobox-fd13f29c-4b10-426e-b6c7-8b1286e191bd .advgb-infobox-textcontent .advgb-infobox-title, .advgb-infobox-fd13f29c-4b10-426e-b6c7-8b1286e191bd .advgb-infobox-textcontent .advgb-infobox-title {color: #00d084;padding: 0;margin: 5px 0 10px 0;font-size: 37px;line-height: 50px;white-space: pre-wrap;}#advgb-infobox-fd13f29c-4b10-426e-b6c7-8b1286e191bd .advgb-infobox-textcontent .advgb-infobox-text, .advgb-infobox-fd13f29c-4b10-426e-b6c7-8b1286e191bd .advgb-infobox-textcontent .advgb-infobox-text {color: #333;padding: 0;margin: 0;font-size: 18px;white-space: pre-wrap;}#advgb-col-e1083c53-79d9-4f4d-ace3-e4956b5050fc>.advgb-column-inner{}@media screen and (max-width: 1023px) {#advgb-col-e1083c53-79d9-4f4d-ace3-e4956b5050fc>.advgb-column-inner{}}@media screen and (max-width: 767px) {#advgb-col-e1083c53-79d9-4f4d-ace3-e4956b5050fc>.advgb-column-inner{}}#advgb-infobox-1479eca0-ad37-4d60-a278-715b2e61eefe, .advgb-infobox-1479eca0-ad37-4d60-a278-715b2e61eefe {background-color: #f5f5f5;padding: 20px 20px 20px 20px;border: 0px solid #e8e8e8 ;border-radius: 0px;}#advgb-infobox-1479eca0-ad37-4d60-a278-715b2e61eefe .advgb-infobox-icon-container, .advgb-infobox-1479eca0-ad37-4d60-a278-715b2e61eefe .advgb-infobox-icon-container {background-color: #f5f5f5;padding: 0;margin: 0;border: 0px solid #e8e8e8 ;border-radius: 0px;}#advgb-infobox-1479eca0-ad37-4d60-a278-715b2e61eefe .advgb-infobox-icon-container i, .advgb-infobox-1479eca0-ad37-4d60-a278-715b2e61eefe .advgb-infobox-icon-container i {color: #fcb900;font-size: 46px;display: block;}#advgb-infobox-1479eca0-ad37-4d60-a278-715b2e61eefe .advgb-infobox-textcontent .advgb-infobox-title, .advgb-infobox-1479eca0-ad37-4d60-a278-715b2e61eefe .advgb-infobox-textcontent .advgb-infobox-title {color: #00d084;padding: 0;margin: 5px 0 10px 0;font-size: 37px;line-height: 50px;white-space: pre-wrap;}#advgb-infobox-1479eca0-ad37-4d60-a278-715b2e61eefe .advgb-infobox-textcontent .advgb-infobox-text, .advgb-infobox-1479eca0-ad37-4d60-a278-715b2e61eefe .advgb-infobox-textcontent .advgb-infobox-text {color: #333;padding: 0;margin: 0;white-space: pre-wrap;}<\/style>","protected":false},"excerpt":{"rendered":"<p>Nuestra Empresa<\/p>\n","protected":false},"author":1,"featured_media":0,"parent":0,"menu_order":0,"comment_status":"closed","ping_status":"closed","template":"","meta":{"advgb_blocks_editor_width":"","advgb_blocks_columns_visual_guide":"","footnotes":""},"coauthors":[],"author_meta":{"author_link":"https:\/\/citricospro.com.mx\/index.php\/author\/citricospro-com-mx\/","display_name":"citricospro.com.mx"},"relative_dates":{"created":"Posted 3 years ago","modified":"Updated 2 years ago"},"absolute_dates":{"created":"Posted on 8 July, 2023","modified":"Updated on 13 July, 2024"},"absolute_dates_time":{"created":"Posted on 8 July, 2023 2:02 pm","modified":"Updated on 13 July, 2024 3:21 pm"},"featured_img_caption":"","featured_img":false,"series_order":"","_links":{"self":[{"href":"https:\/\/citricospro.com.mx\/index.php\/wp-json\/wp\/v2\/pages\/93"}],"collection":[{"href":"https:\/\/citricospro.com.mx\/index.php\/wp-json\/wp\/v2\/pages"}],"about":[{"href":"https:\/\/citricospro.com.mx\/index.php\/wp-json\/wp\/v2\/types\/page"}],"author":[{"embeddable":true,"href":"https:\/\/citricospro.com.mx\/index.php\/wp-json\/wp\/v2\/users\/1"}],"replies":[{"embeddable":true,"href":"https:\/\/citricospro.com.mx\/index.php\/wp-json\/wp\/v2\/comments?post=93"}],"version-history":[{"count":48,"href":"https:\/\/citricospro.com.mx\/index.php\/wp-json\/wp\/v2\/pages\/93\/revisions"}],"predecessor-version":[{"id":526,"href":"https:\/\/citricospro.com.mx\/index.php\/wp-json\/wp\/v2\/pages\/93\/revisions\/526"}],"wp:attachment":[{"href":"https:\/\/citricospro.com.mx\/index.php\/wp-json\/wp\/v2\/media?parent=93"}],"curies":[{"name":"wp","href":"https:\/\/api.w.org\/{rel}","templated":true}]}}