{"id":47,"date":"2023-06-27T11:02:49","date_gmt":"2023-06-27T11:02:49","guid":{"rendered":"https:\/\/citricospro.com.mx\/?post_type=product&#038;p=47"},"modified":"2024-04-01T17:40:48","modified_gmt":"2024-04-01T17:40:48","slug":"pomelo-blanco","status":"publish","type":"product","link":"https:\/\/citricospro.com.mx\/index.php\/product\/pomelo-blanco\/","title":{"rendered":"Pomelo Blanco"},"content":{"rendered":"<p>El lim\u00f3n pomelo es una variedad de lim\u00f3n con caracter\u00edsticas \u00fanicas. Es conocido por su sabor agridulce y su tama\u00f1o grande. Su jugo es refrescante y puede utilizarse tanto en bebidas como en la preparaci\u00f3n de platos culinarios. Su alta acidez y su riqueza en vitamina C lo convierten en una opci\u00f3n popular tanto para uso dom\u00e9stico como para la industria de alimentos y bebidas.<\/p>\n","protected":false},"excerpt":{"rendered":"<p>El lim\u00f3n pomelo es una variedad de lim\u00f3n con caracter\u00edsticas \u00fanicas. Es conocido por su sabor agridulce y su tama\u00f1o grande. Su jugo es refrescante y puede utilizarse tanto en bebidas como en la preparaci\u00f3n de platos culinarios. Su alta acidez y su riqueza en vitamina C lo convierten en una opci\u00f3n popular tanto para &hellip; <\/p>\n<div class=\"link-more text-center\"><a href=\"https:\/\/citricospro.com.mx\/index.php\/product\/pomelo-blanco\/\" class=\"more-link py-2 px-4\">Read More<span class=\"screen-reader-text\"> &#8220;Pomelo Blanco&#8221;<\/span><\/a><\/div>\n","protected":false},"author":1,"featured_media":0,"comment_status":"open","ping_status":"closed","template":"","meta":{"advgb_blocks_editor_width":"","advgb_blocks_columns_visual_guide":""},"product_cat":[15],"product_tag":[],"featured_img":false,"coauthors":[],"author_meta":{"author_link":"https:\/\/citricospro.com.mx\/index.php\/author\/citricospro-com-mx\/","display_name":"citricospro.com.mx"},"relative_dates":{"created":"Posted 3 years ago","modified":"Updated 2 years ago"},"absolute_dates":{"created":"Posted on 27 June, 2023","modified":"Updated on 1 April, 2024"},"absolute_dates_time":{"created":"Posted on 27 June, 2023 11:02 am","modified":"Updated on 1 April, 2024 5:40 pm"},"featured_img_caption":"","tax_additional":{"product_type":{"linked":["<a href=\"https:\/\/citricospro.com.mx\/?taxonomy=product_type&#038;term=simple\" class=\"advgb-post-tax-term\">simple<\/a>"],"unlinked":["<span class=\"advgb-post-tax-term\">simple<\/span>"],"slug":"product_type","name":"Product type"},"product_visibility":{"linked":[],"unlinked":[],"slug":"product_visibility","name":"Product visibility"},"product_cat":{"linked":["<a href=\"https:\/\/citricospro.com.mx\/index.php\/product-category\/uncategorized\/\" class=\"advgb-post-tax-term\">Uncategorized<\/a>"],"unlinked":["<span class=\"advgb-post-tax-term\">Uncategorized<\/span>"],"slug":"product_cat","name":"Product categories"},"product_tag":{"linked":[],"unlinked":[],"slug":"product_tag","name":"Product tags"},"product_shipping_class":{"linked":[],"unlinked":[],"slug":"product_shipping_class","name":"Product shipping classes"}},"series_order":"","_links":{"self":[{"href":"https:\/\/citricospro.com.mx\/index.php\/wp-json\/wp\/v2\/product\/47"}],"collection":[{"href":"https:\/\/citricospro.com.mx\/index.php\/wp-json\/wp\/v2\/product"}],"about":[{"href":"https:\/\/citricospro.com.mx\/index.php\/wp-json\/wp\/v2\/types\/product"}],"replies":[{"embeddable":true,"href":"https:\/\/citricospro.com.mx\/index.php\/wp-json\/wp\/v2\/comments?post=47"}],"wp:attachment":[{"href":"https:\/\/citricospro.com.mx\/index.php\/wp-json\/wp\/v2\/media?parent=47"}],"wp:term":[{"taxonomy":"product_cat","embeddable":true,"href":"https:\/\/citricospro.com.mx\/index.php\/wp-json\/wp\/v2\/product_cat?post=47"},{"taxonomy":"product_tag","embeddable":true,"href":"https:\/\/citricospro.com.mx\/index.php\/wp-json\/wp\/v2\/product_tag?post=47"}],"curies":[{"name":"wp","href":"https:\/\/api.w.org\/{rel}","templated":true}]}}